{"id":4114,"date":"2022-11-29T13:38:13","date_gmt":"2022-11-29T13:38:13","guid":{"rendered":"https:\/\/selected-eyewear.com\/?post_type=product&#038;p=4114"},"modified":"2023-02-14T11:04:19","modified_gmt":"2023-02-14T11:04:19","slug":"sonnenbrille-sportbrille-oo6042-11-52","status":"publish","type":"product","link":"https:\/\/selected-eyewear.com\/en\/product\/sonnenbrille-sportbrille-oo6042-11-52\/","title":{"rendered":"Sonnenbrille\/Sportbrille OO6042 11 52"},"content":{"rendered":"<p>&#8222;Farbe: schwarz matt<br \/>\nMaterial: Kunststoff<br \/>\nB\u00fcgell\u00e4nge: 138 mm<br \/>\nGlasbreite: 52 mm<br \/>\nGlash\u00f6he: 43 mm<br \/>\nGlasfarbe innen: braun<br \/>\nGlasfarbe au\u00dfen: violet verspiegelt, prizm<br \/>\nGestellfarbe: schwarz matt, transparent<\/p>\n<p>Farbnummer: 11<\/p>\n<p>UV-Schutz: UV 400<br \/>\nEAN: 888392470379<br \/>\nDas Design des Brillenetuis ist individuell an den Artikel angepasst und kann je nach Saison und Kollektion variieren.&#8220;<\/p>","protected":false},"excerpt":{"rendered":"<p>&#8222;Farbe: schwarz matt Material: Kunststoff B\u00fcgell\u00e4nge: 138 mm Glasbreite: 52 mm Glash\u00f6he: 43 mm Glasfarbe innen: braun Glasfarbe au\u00dfen: violet verspiegelt, prizm Gestellfarbe: schwarz matt, transparent Farbnummer: 11 UV-Schutz: UV 400 EAN: 888392470379 Das Design des Brillenetuis ist individuell an den Artikel angepasst und kann je nach Saison und Kollektion variieren.&#8220;<\/p>","protected":false},"featured_media":5017,"comment_status":"open","ping_status":"closed","template":"","meta":{"ocean_post_layout":"","ocean_both_sidebars_style":"","ocean_both_sidebars_content_width":0,"ocean_both_sidebars_sidebars_width":0,"ocean_sidebar":"0","ocean_second_sidebar":"0","ocean_disable_margins":"enable","ocean_add_body_class":"","ocean_shortcode_before_top_bar":"","ocean_shortcode_after_top_bar":"","ocean_shortcode_before_header":"","ocean_shortcode_after_header":"","ocean_has_shortcode":"","ocean_shortcode_after_title":"","ocean_shortcode_before_footer_widgets":"","ocean_shortcode_after_footer_widgets":"","ocean_shortcode_before_footer_bottom":"","ocean_shortcode_after_footer_bottom":"","ocean_display_top_bar":"default","ocean_display_header":"default","ocean_header_style":"","ocean_center_header_left_menu":"0","ocean_custom_header_template":"0","ocean_custom_logo":0,"ocean_custom_retina_logo":0,"ocean_custom_logo_max_width":0,"ocean_custom_logo_tablet_max_width":0,"ocean_custom_logo_mobile_max_width":0,"ocean_custom_logo_max_height":0,"ocean_custom_logo_tablet_max_height":0,"ocean_custom_logo_mobile_max_height":0,"ocean_header_custom_menu":"0","ocean_menu_typo_font_family":"0","ocean_menu_typo_font_subset":"","ocean_menu_typo_font_size":0,"ocean_menu_typo_font_size_tablet":0,"ocean_menu_typo_font_size_mobile":0,"ocean_menu_typo_font_size_unit":"px","ocean_menu_typo_font_weight":"","ocean_menu_typo_font_weight_tablet":"","ocean_menu_typo_font_weight_mobile":"","ocean_menu_typo_transform":"","ocean_menu_typo_transform_tablet":"","ocean_menu_typo_transform_mobile":"","ocean_menu_typo_line_height":0,"ocean_menu_typo_line_height_tablet":0,"ocean_menu_typo_line_height_mobile":0,"ocean_menu_typo_line_height_unit":"","ocean_menu_typo_spacing":0,"ocean_menu_typo_spacing_tablet":0,"ocean_menu_typo_spacing_mobile":0,"ocean_menu_typo_spacing_unit":"","ocean_menu_link_color":"","ocean_menu_link_color_hover":"","ocean_menu_link_color_active":"","ocean_menu_link_background":"","ocean_menu_link_hover_background":"","ocean_menu_link_active_background":"","ocean_menu_social_links_bg":"","ocean_menu_social_hover_links_bg":"","ocean_menu_social_links_color":"","ocean_menu_social_hover_links_color":"","ocean_disable_title":"default","ocean_disable_heading":"default","ocean_post_title":"","ocean_post_subheading":"","ocean_post_title_style":"","ocean_post_title_background_color":"","ocean_post_title_background":0,"ocean_post_title_bg_image_position":"","ocean_post_title_bg_image_attachment":"","ocean_post_title_bg_image_repeat":"","ocean_post_title_bg_image_size":"","ocean_post_title_height":0,"ocean_post_title_bg_overlay":0.5,"ocean_post_title_bg_overlay_color":"","ocean_disable_breadcrumbs":"default","ocean_breadcrumbs_color":"","ocean_breadcrumbs_separator_color":"","ocean_breadcrumbs_links_color":"","ocean_breadcrumbs_links_hover_color":"","ocean_display_footer_widgets":"default","ocean_display_footer_bottom":"default","ocean_custom_footer_template":"0"},"product_brand":[],"product_cat":[49,34,69],"product_tag":[],"class_list":{"0":"post-4114","1":"product","2":"type-product","3":"status-publish","4":"has-post-thumbnail","6":"product_cat-damen","7":"product_cat-herren","8":"product_cat-oakley","10":"entry","11":"has-media","13":"first","14":"instock","15":"shipping-taxable","16":"purchasable","17":"product-type-simple","18":"has-product-nav","19":"col","20":"span_1_of_3","21":"owp-content-center","22":"item-entry","23":"owp-thumbs-layout-horizontal","24":"owp-btn-normal","25":"owp-tabs-layout-horizontal"},"_links":{"self":[{"href":"https:\/\/selected-eyewear.com\/en\/wp-json\/wp\/v2\/product\/4114","targetHints":{"allow":["GET"]}}],"collection":[{"href":"https:\/\/selected-eyewear.com\/en\/wp-json\/wp\/v2\/product"}],"about":[{"href":"https:\/\/selected-eyewear.com\/en\/wp-json\/wp\/v2\/types\/product"}],"replies":[{"embeddable":true,"href":"https:\/\/selected-eyewear.com\/en\/wp-json\/wp\/v2\/comments?post=4114"}],"version-history":[{"count":1,"href":"https:\/\/selected-eyewear.com\/en\/wp-json\/wp\/v2\/product\/4114\/revisions"}],"predecessor-version":[{"id":5014,"href":"https:\/\/selected-eyewear.com\/en\/wp-json\/wp\/v2\/product\/4114\/revisions\/5014"}],"wp:featuredmedia":[{"embeddable":true,"href":"https:\/\/selected-eyewear.com\/en\/wp-json\/wp\/v2\/media\/5017"}],"wp:attachment":[{"href":"https:\/\/selected-eyewear.com\/en\/wp-json\/wp\/v2\/media?parent=4114"}],"wp:term":[{"taxonomy":"product_brand","embeddable":true,"href":"https:\/\/selected-eyewear.com\/en\/wp-json\/wp\/v2\/product_brand?post=4114"},{"taxonomy":"product_cat","embeddable":true,"href":"https:\/\/selected-eyewear.com\/en\/wp-json\/wp\/v2\/product_cat?post=4114"},{"taxonomy":"product_tag","embeddable":true,"href":"https:\/\/selected-eyewear.com\/en\/wp-json\/wp\/v2\/product_tag?post=4114"}],"curies":[{"name":"wp","href":"https:\/\/api.w.org\/{rel}","templated":true}]}}