{"id":4095,"date":"2022-11-29T12:51:22","date_gmt":"2022-11-29T12:51:22","guid":{"rendered":"https:\/\/selected-eyewear.com\/?post_type=product&#038;p=4095"},"modified":"2023-01-08T13:55:13","modified_gmt":"2023-01-08T13:55:13","slug":"sonnenbrille-g0003sn-006-52","status":"publish","type":"product","link":"https:\/\/selected-eyewear.com\/en\/product\/sonnenbrille-g0003sn-006-52\/","title":{"rendered":"Sonnenbrille GG0003SN 006 52"},"content":{"rendered":"<p><span data-sheets-value=\"{&quot;1&quot;:2,&quot;2&quot;:&quot;Farbe: schwarz\\nMaterial: Kunststoff\\nB\u00fcgell\u00e4nge: 145 mm\\nGlasbreite: 52 mm\\nGlash\u00f6he: 44,2 mm\\nStegbreite: 21 mm\\nGlasfarbe: grau polarisiert\\n\\nGestellfarbe: schwarz, gr\u00fcn,rot\\n\\nFarbnummer: 006\\n\\nUV-Schutz: M\\nEAN: 889652385006\\nDas Design des Brillenetuis ist individuell an den Artikel angepasst und kann je nach Saison und Kollektion variieren.\\n\\n&quot;}\" data-sheets-userformat=\"{&quot;2&quot;:513,&quot;3&quot;:{&quot;1&quot;:0},&quot;12&quot;:0}\">Farbe: schwarz<br \/>\nMaterial: Kunststoff<br \/>\nB\u00fcgell\u00e4nge: 145 mm<br \/>\nGlasbreite: 52 mm<br \/>\nGlash\u00f6he: 44,2 mm<br \/>\nStegbreite: 21 mm<br \/>\nGlasfarbe: grau polarisiert<\/span><\/p>\n<p>Gestellfarbe: schwarz, gr\u00fcn,rot<\/p>\n<p>Farbnummer: 006<\/p>\n<p>UV-Schutz: M<br \/>\nEAN: 889652385006<br \/>\nDas Design des Brillenetuis ist individuell an den Artikel angepasst und kann je nach Saison und Kollektion variieren.<\/p>","protected":false},"excerpt":{"rendered":"<p>Farbe: schwarz Material: Kunststoff B\u00fcgell\u00e4nge: 145 mm Glasbreite: 52 mm Glash\u00f6he: 44,2 mm Stegbreite: 21 mm Glasfarbe: grau polarisiert Gestellfarbe: schwarz, gr\u00fcn,rot Farbnummer: 006 UV-Schutz: M EAN: 889652385006 Das Design des Brillenetuis ist individuell an den Artikel angepasst und kann je nach Saison und Kollektion variieren.<\/p>","protected":false},"featured_media":5010,"comment_status":"open","ping_status":"closed","template":"","meta":{"ocean_post_layout":"","ocean_both_sidebars_style":"","ocean_both_sidebars_content_width":0,"ocean_both_sidebars_sidebars_width":0,"ocean_sidebar":"0","ocean_second_sidebar":"0","ocean_disable_margins":"enable","ocean_add_body_class":"","ocean_shortcode_before_top_bar":"","ocean_shortcode_after_top_bar":"","ocean_shortcode_before_header":"","ocean_shortcode_after_header":"","ocean_has_shortcode":"","ocean_shortcode_after_title":"","ocean_shortcode_before_footer_widgets":"","ocean_shortcode_after_footer_widgets":"","ocean_shortcode_before_footer_bottom":"","ocean_shortcode_after_footer_bottom":"","ocean_display_top_bar":"default","ocean_display_header":"default","ocean_header_style":"","ocean_center_header_left_menu":"0","ocean_custom_header_template":"0","ocean_custom_logo":0,"ocean_custom_retina_logo":0,"ocean_custom_logo_max_width":0,"ocean_custom_logo_tablet_max_width":0,"ocean_custom_logo_mobile_max_width":0,"ocean_custom_logo_max_height":0,"ocean_custom_logo_tablet_max_height":0,"ocean_custom_logo_mobile_max_height":0,"ocean_header_custom_menu":"0","ocean_menu_typo_font_family":"0","ocean_menu_typo_font_subset":"","ocean_menu_typo_font_size":0,"ocean_menu_typo_font_size_tablet":0,"ocean_menu_typo_font_size_mobile":0,"ocean_menu_typo_font_size_unit":"px","ocean_menu_typo_font_weight":"","ocean_menu_typo_font_weight_tablet":"","ocean_menu_typo_font_weight_mobile":"","ocean_menu_typo_transform":"","ocean_menu_typo_transform_tablet":"","ocean_menu_typo_transform_mobile":"","ocean_menu_typo_line_height":0,"ocean_menu_typo_line_height_tablet":0,"ocean_menu_typo_line_height_mobile":0,"ocean_menu_typo_line_height_unit":"","ocean_menu_typo_spacing":0,"ocean_menu_typo_spacing_tablet":0,"ocean_menu_typo_spacing_mobile":0,"ocean_menu_typo_spacing_unit":"","ocean_menu_link_color":"","ocean_menu_link_color_hover":"","ocean_menu_link_color_active":"","ocean_menu_link_background":"","ocean_menu_link_hover_background":"","ocean_menu_link_active_background":"","ocean_menu_social_links_bg":"","ocean_menu_social_hover_links_bg":"","ocean_menu_social_links_color":"","ocean_menu_social_hover_links_color":"","ocean_disable_title":"default","ocean_disable_heading":"default","ocean_post_title":"","ocean_post_subheading":"","ocean_post_title_style":"","ocean_post_title_background_color":"","ocean_post_title_background":0,"ocean_post_title_bg_image_position":"","ocean_post_title_bg_image_attachment":"","ocean_post_title_bg_image_repeat":"","ocean_post_title_bg_image_size":"","ocean_post_title_height":0,"ocean_post_title_bg_overlay":0.5,"ocean_post_title_bg_overlay_color":"","ocean_disable_breadcrumbs":"default","ocean_breadcrumbs_color":"","ocean_breadcrumbs_separator_color":"","ocean_breadcrumbs_links_color":"","ocean_breadcrumbs_links_hover_color":"","ocean_display_footer_widgets":"default","ocean_display_footer_bottom":"default","ocean_custom_footer_template":"0"},"product_brand":[],"product_cat":[15,49,34],"product_tag":[],"class_list":{"0":"post-4095","1":"product","2":"type-product","3":"status-publish","4":"has-post-thumbnail","6":"product_cat-gucci","7":"product_cat-damen","8":"product_cat-herren","10":"entry","11":"has-media","13":"first","14":"instock","15":"shipping-taxable","16":"purchasable","17":"product-type-simple","18":"has-product-nav","19":"col","20":"span_1_of_3","21":"owp-content-center","22":"item-entry","23":"owp-thumbs-layout-horizontal","24":"owp-btn-normal","25":"owp-tabs-layout-horizontal"},"_links":{"self":[{"href":"https:\/\/selected-eyewear.com\/en\/wp-json\/wp\/v2\/product\/4095","targetHints":{"allow":["GET"]}}],"collection":[{"href":"https:\/\/selected-eyewear.com\/en\/wp-json\/wp\/v2\/product"}],"about":[{"href":"https:\/\/selected-eyewear.com\/en\/wp-json\/wp\/v2\/types\/product"}],"replies":[{"embeddable":true,"href":"https:\/\/selected-eyewear.com\/en\/wp-json\/wp\/v2\/comments?post=4095"}],"version-history":[{"count":1,"href":"https:\/\/selected-eyewear.com\/en\/wp-json\/wp\/v2\/product\/4095\/revisions"}],"predecessor-version":[{"id":4732,"href":"https:\/\/selected-eyewear.com\/en\/wp-json\/wp\/v2\/product\/4095\/revisions\/4732"}],"wp:featuredmedia":[{"embeddable":true,"href":"https:\/\/selected-eyewear.com\/en\/wp-json\/wp\/v2\/media\/5010"}],"wp:attachment":[{"href":"https:\/\/selected-eyewear.com\/en\/wp-json\/wp\/v2\/media?parent=4095"}],"wp:term":[{"taxonomy":"product_brand","embeddable":true,"href":"https:\/\/selected-eyewear.com\/en\/wp-json\/wp\/v2\/product_brand?post=4095"},{"taxonomy":"product_cat","embeddable":true,"href":"https:\/\/selected-eyewear.com\/en\/wp-json\/wp\/v2\/product_cat?post=4095"},{"taxonomy":"product_tag","embeddable":true,"href":"https:\/\/selected-eyewear.com\/en\/wp-json\/wp\/v2\/product_tag?post=4095"}],"curies":[{"name":"wp","href":"https:\/\/api.w.org\/{rel}","templated":true}]}}