{"id":5270,"date":"2023-01-17T07:32:33","date_gmt":"2023-01-17T07:32:33","guid":{"rendered":"https:\/\/selected-eyewear.com\/?page_id=5270"},"modified":"2023-01-17T08:41:19","modified_gmt":"2023-01-17T08:41:19","slug":"agb","status":"publish","type":"page","link":"https:\/\/selected-eyewear.com\/en\/agb\/","title":{"rendered":"Terms and Conditions"},"content":{"rendered":"<div data-elementor-type=\"wp-page\" data-elementor-id=\"5270\" class=\"elementor elementor-5270\" data-elementor-settings=\"{&quot;ha_cmc_init_switcher&quot;:&quot;no&quot;}\" data-elementor-post-type=\"page\">\n\t\t\t\t\t\t<section class=\"elementor-section elementor-top-section elementor-element elementor-element-7f07c53 elementor-section-boxed elementor-section-height-default elementor-section-height-default\" data-id=\"7f07c53\" data-element_type=\"section\" data-settings=\"{&quot;_ha_eqh_enable&quot;:false}\">\n\t\t\t\t\t\t<div class=\"elementor-container elementor-column-gap-default\">\n\t\t\t\t\t<div class=\"elementor-column elementor-col-100 elementor-top-column elementor-element elementor-element-e786b16\" data-id=\"e786b16\" data-element_type=\"column\">\n\t\t\t<div class=\"elementor-widget-wrap elementor-element-populated\">\n\t\t\t\t\t\t<div class=\"elementor-element elementor-element-aff42c6 elementor-widget elementor-widget-text-editor\" data-id=\"aff42c6\" data-element_type=\"widget\" data-widget_type=\"text-editor.default\">\n\t\t\t\t<div class=\"elementor-widget-container\">\n\t\t\t\t\t\t\t\t\t<p><span style=\"text-decoration: underline;\"><span style=\"font-weight: 400;\"><span style=\"color: #000000; text-decoration: underline;\"><strong>Terms and Conditions<\/strong><\/span><br \/><\/span><span style=\"color: #000000; text-decoration: underline;\"><strong>ALLGEMEINE GESCH\u00c4FTSBEDINGUNGEN<\/strong><\/span><\/span><\/p><p><span style=\"color: #000000;\"><strong>These Conditions<\/strong><\/span><\/p><p><span style=\"font-weight: 400;\">(1) This www.selected-eyewear.com website and\/or the Services, including any related mobile application and any offering and sale of products through the Site, is owned and operated by www.selected-eyewear.com. These Terms and Conditions set out the conditions under which visitors or users may access and use the Site and\/or the Services and purchase Products.<\/span><\/p><p><span style=\"font-weight: 400;\">(2) By accessing or using the services, you agree to the terms and agree to them with binding effect. If you do not agree to all of the Terms, do not access the Site or use the Services. Please read these Terms carefully before accessing our Site or using the Services or purchasing any Products. These terms tell you who we are, how we sell products to you, how you can cancel the contract of sale and what to do if you have a problem.<\/span><\/p><p><span style=\"font-weight: 400;\">(3) You represent that you are of legal age and have the legal authority, right and freedom to enter into a binding agreement based on these Terms and to use the Services and purchase Products. If you are a minor, you must have parental or legal guardian permission to use the Services or purchase Products.<\/span><\/p><p>Purchase of products<\/p><p><span style=\"font-weight: 400;\">(1) The purchase of products is subject to the conditions in force at the time.<\/span><\/p><p><span style=\"font-weight: 400;\">(2) When you purchase a product: you are responsible for reading the item description in its entirety before committing to purchase it and completing an order on the Site (by completing a checkout process using the \"Order with costs\" button or similar button ) may constitute a legally binding contract for the purchase of the relevant product, unless these Terms provide otherwise.<\/span><\/p><p><span style=\"font-weight: 400;\">(3) You can select products from our product selection and place them in the shopping cart by clicking on the corresponding button. Our prices are listed on the site. We reserve the right to change our prices at any time and to correct inadvertent pricing errors. These changes will not affect the price of products you have previously purchased. When paying, you will see an overview of all the products that you have placed in the shopping cart. The overview includes the essential characteristics of each product as well as the total price for all products, the applicable sales tax (VAT)\/value added tax (VAT) and, if applicable, the shipping costs. On the checkout page you also have the possibility to check the products and quantities and change them if necessary, to remove or correct. You can also use the editing function to identify and correct any input errors before you place your final, binding order. All specified delivery times apply from receipt of your payment of the purchase price. If you click on the \"Order with costs\" button, you place a binding order to purchase the listed products at the stated price and shipping costs. To complete the ordering process using the \"Order with costs\" button, you must first accept these conditions as legally binding for your order by clicking on the corresponding box. All specified delivery times apply from receipt of your payment of the purchase price. If you click on the \"Order with costs\" button, you place a binding order to purchase the listed products at the stated price and shipping costs. To complete the ordering process using the \"Order with costs\" button, you must first accept these conditions as legally binding for your order by clicking on the corresponding box. All specified delivery times apply from receipt of your payment of the purchase price. If you click on the \"Order with costs\" button, you place a binding order to purchase the listed products at the stated price and shipping costs. To complete the ordering process using the \"Order with costs\" button, you must first accept these conditions as legally binding for your order by clicking on the corresponding box.<\/span><\/p><p><span style=\"font-weight: 400;\">(4) We will then send you an e-mail confirming receipt of your order, in which your order is listed again and which you can then print out or save using the appropriate function. Please note that this is an automatic notification, which only proves that we have received your order. It does not indicate that we have accepted your order.<\/span><\/p><p><span style=\"font-weight: 400;\">(5) The legally binding agreement on the purchase of the products is only concluded when we send you a declaration of acceptance by e-mail or send the products to you. We reserve the right not to accept your order. This does not apply in cases where we offer a payment method - and you choose this payment method for your order - for which a payment transaction is initiated immediately when your order is submitted (e.g. electronic transfer or real-time transfer via PayPal, Giropay, Paydirekt) . In this case, the legally binding agreement is deemed to have been concluded when you have initiated the ordering process, as described above, by clicking the \"Order with costs\" button.<\/span><\/p><p><span style=\"font-weight: 400;\">(6) The purchase contract can be concluded in [German] language. After the conclusion of the contract, the contract conditions are stored with us, you then no longer have access to them.<\/span><\/p><p><span style=\"text-decoration: underline;\"><span style=\"color: #000000;\"><strong>Right of withdrawal<\/strong><\/span><\/span><\/p><p><span style=\"font-weight: 400;\">You can revoke this contract within 14 days without giving a reason. The cancellation period expires after 14 days from the day on which you, or a third party other than the carrier and designated by you, acquires physical possession of the goods.<\/span><\/p><p><span style=\"font-weight: 400;\">In order to exercise your right of withdrawal, you must inform us<\/span><\/p><p><span style=\"font-weight: 400;\">selected-eyewear<br \/><\/span><span style=\"font-weight: 400;\">Alsterkrugchaussee 477<br \/><\/span><span style=\"font-weight: 400;\">22335 Hamburg<br \/><\/span><a href=\"mailto:proselectedeyewear@gmail.com\">proselectedeyewear@gmail.com<\/a><\/p><p><span style=\"font-weight: 400;\">inform you of your decision to revoke this contract by means of an unequivocal statement (e.g. a letter by post or e-mail).<\/span><\/p><p><span style=\"font-weight: 400;\">Consequences of revocation<\/span><\/p><p><span style=\"font-weight: 400;\">If you cancel this contract, we will refund to you - without undue delay and in any case no more than 14 days after receipt of the notification of your cancellation - any payments already received from you. We will make such a refund using the same form of payment that you used for the original transaction, unless you have expressly authorized otherwise; in any event, you will not incur any fees as a result of such a refund. We may withhold a refund until we have received the goods back or you have provided proof that you have sent the goods back, whichever is earlier.<\/span><\/p><p><span style=\"font-weight: 400;\">The goods will be returned or handed over to<\/span><\/p><p><span style=\"font-weight: 400;\">selected-eyewear<br \/><\/span><span style=\"font-weight: 400;\">Alsterkrugchaussee 477<br \/><\/span><span style=\"font-weight: 400;\">22335 Hamburg<br \/><\/span><a href=\"mailto:proselectedeyewear@gmail.com\">proselectedeyewear@gmail.com<\/a><\/p><p><span style=\"font-weight: 400;\">without undue delay, but in any case no longer than 14 days after receipt of notification of your withdrawal. The deadline is met if you send off the goods before the 14-day period has expired.<\/span><\/p><p><span style=\"font-weight: 400;\">Warranty for Products<\/span><\/p><p><span style=\"font-weight: 400;\">We are liable in accordance with the statutory warranty provisions for quality defects and\/or defects in title of the products that you buy from us.<\/span><\/p><p><span style=\"text-decoration: underline;\"><strong><span style=\"color: #000000; text-decoration: underline;\">Delivery<\/span>g<\/strong><\/span><\/p><p><span style=\"font-weight: 400;\">Shipping and deliveries are possible worldwide. We only ship insured with DHL. Items are only sold in normal household quantities and only to end consumers.<\/span><\/p><p><span style=\"text-decoration: underline;\"><strong><span style=\"color: #000000; text-decoration: underline;\">Shipping<\/span><\/strong><\/span><\/p><p><span style=\"font-weight: 400;\">The shipping fee for standard deliveries within Germany is 5.49 euros<\/span><\/p><p><span style=\"font-weight: 400;\">-Within the EU 13.99\u20ac<br \/><\/span><span style=\"font-weight: 400;\">-Switzerland &amp; Great Britain 26.90\u20ac<br \/><\/span><span style=\"font-weight: 400;\">-Rest of Europe 29.99\u20ac<br \/><\/span><span style=\"font-weight: 400;\">-Russian Federation 30.99\u20ac<br \/><\/span><span style=\"font-weight: 400;\">-USA 47,99\u20ac<br \/><\/span><span style=\"font-weight: 400;\">-North African territories, Canada,Middle East, parts of Asia 37.99\u20ac<br \/><\/span><span style=\"font-weight: 400;\">-China 42,99\u20ac<br \/><\/span><span style=\"font-weight: 400;\">- Rest of the world \u20ac45.99<\/span><\/p><p><span style=\"text-decoration: underline;\"><strong><span style=\"color: #000000; text-decoration: underline;\">Payment Method<\/span><\/strong><\/span><\/p><p><span style=\"font-weight: 400;\">This can be done with PayPal, MasterCard and prepayment.\u00a0<\/span><\/p><p><span style=\"text-decoration: underline;\"><strong><span style=\"color: #000000; text-decoration: underline;\">Member Account<\/span><\/strong><\/span><\/p><p><span style=\"font-weight: 400;\">(1) In order to access and use certain areas and features of our site, you must first register and create an account (\"Member Account\"). You must provide accurate and complete information when registering your member account.<\/span><\/p><p><span style=\"font-weight: 400;\">(2) If a person other than yourself accesses your member account and\/or your settings, they can take all actions available to you and e.g. B. Make changes to your member account. Therefore, we strongly advise you to keep your member account login details safe. Such activities are presumed to be for you and on your behalf, and you shall be solely responsible for those activities, whether or not expressly authorized by you, that occur under your member account and for all damages, expenses and losses resulting therefrom. You are liable for activities related to your member account in the manner described.<\/span><\/p><p><span style=\"font-weight: 400;\">(3) You may create and access your member account through a dedicated website or through a third party platform such as Facebook (the \"Social Network Account\"). If you log in using a third-party platform account, you hereby give us access to certain information about you stored on your social network account.<\/span><\/p><p><span style=\"font-weight: 400;\">(4) We may permanently or temporarily block or suspend your access to the member account without liability to you in order to protect us, our site and our services or other users, for example if you violate any provisions of these Terms or applicable law or regulations in connection with your use of the Site or your Member Account. This may be done without notice if circumstances require immediate action; in this case we will inform you as soon as possible. In addition, we reserve the right to terminate your membership account upon two months' notice by email if, for example, we discontinue our membership account program. You can stop using it at any time and request the deletion of your member account,<\/span><\/p><p><span style=\"font-weight: 400;\">Online Dispute Resolution Platform of the EU (OS)<\/span><\/p><p><span style=\"font-weight: 400;\">The European Commission provides at the link<\/span><\/p><p><span style=\"font-weight: 400;\"><a href=\"http:\/\/ec.europa.eu\/consumers\/odr\" target=\"_blank\" rel=\"noopener\">http:\/\/ec.europa.eu\/consumers\/odr<\/a>\/<\/span><\/p><p><span style=\"font-weight: 400;\">a platform for online dispute resolution (OS). Consumers can use this platform for the<\/span><\/p><p><span style=\"font-weight: 400;\">use to resolve their disputes.<\/span><\/p><p><span style=\"font-weight: 400;\">LEGAL INFORMATION OF THE PROVIDER\/IMPRINT<\/span><\/p><p><span style=\"font-weight: 400;\">selected-eyewear<br \/><\/span><span style=\"font-weight: 400;\">Owner Alexander Davydov<br \/><\/span><span style=\"font-weight: 400;\">Alsterkrugchaussee 477<br \/><\/span><span style=\"font-weight: 400;\">22335 Hamburg<br \/><\/span><span style=\"font-weight: 400;\">USt.-ID-Nr.: DE350330183<br \/><\/span><span style=\"font-weight: 400;\">Steuer Nr.: 49\/043\/04110<\/span><\/p>\t\t\t\t\t\t\t\t<\/div>\n\t\t\t\t<\/div>\n\t\t\t\t\t<\/div>\n\t\t<\/div>\n\t\t\t\t\t<\/div>\n\t\t<\/section>\n\t\t\t\t<\/div>","protected":false},"excerpt":{"rendered":"<p>AGBALLGEMEINE GESCH\u00c4FTSBEDINGUNGEN Diese Bedingungen (1) Diese Website www.selected-eyewear.com und\/oder die Dienste, einschlie\u00dflich aller dazugeh\u00f6rigen mobilen Anwendungen und aller Angebote und Verk\u00e4ufe von Produkten \u00fcber die Site, steht im Eigentum von www.selected-eyewear.com und wird von dieser betrieben . Diese Gesch\u00e4ftsbedingungen legen die Bedingungen fest, unter denen Besucher oder Nutzer die Site und\/oder die Dienste besuchen bzw. [&hellip;]<\/p>","protected":false},"author":1,"featured_media":0,"parent":0,"menu_order":0,"comment_status":"closed","ping_status":"closed","template":"elementor_header_footer","meta":{"ocean_post_layout":"","ocean_both_sidebars_style":"","ocean_both_sidebars_content_width":0,"ocean_both_sidebars_sidebars_width":0,"ocean_sidebar":"0","ocean_second_sidebar":"0","ocean_disable_margins":"enable","ocean_add_body_class":"","ocean_shortcode_before_top_bar":"","ocean_shortcode_after_top_bar":"","ocean_shortcode_before_header":"","ocean_shortcode_after_header":"","ocean_has_shortcode":"","ocean_shortcode_after_title":"","ocean_shortcode_before_footer_widgets":"","ocean_shortcode_after_footer_widgets":"","ocean_shortcode_before_footer_bottom":"","ocean_shortcode_after_footer_bottom":"","ocean_display_top_bar":"default","ocean_display_header":"default","ocean_header_style":"","ocean_center_header_left_menu":"0","ocean_custom_header_template":"0","ocean_custom_logo":0,"ocean_custom_retina_logo":0,"ocean_custom_logo_max_width":0,"ocean_custom_logo_tablet_max_width":0,"ocean_custom_logo_mobile_max_width":0,"ocean_custom_logo_max_height":0,"ocean_custom_logo_tablet_max_height":0,"ocean_custom_logo_mobile_max_height":0,"ocean_header_custom_menu":"0","ocean_menu_typo_font_family":"0","ocean_menu_typo_font_subset":"","ocean_menu_typo_font_size":0,"ocean_menu_typo_font_size_tablet":0,"ocean_menu_typo_font_size_mobile":0,"ocean_menu_typo_font_size_unit":"px","ocean_menu_typo_font_weight":"","ocean_menu_typo_font_weight_tablet":"","ocean_menu_typo_font_weight_mobile":"","ocean_menu_typo_transform":"","ocean_menu_typo_transform_tablet":"","ocean_menu_typo_transform_mobile":"","ocean_menu_typo_line_height":0,"ocean_menu_typo_line_height_tablet":0,"ocean_menu_typo_line_height_mobile":0,"ocean_menu_typo_line_height_unit":"","ocean_menu_typo_spacing":0,"ocean_menu_typo_spacing_tablet":0,"ocean_menu_typo_spacing_mobile":0,"ocean_menu_typo_spacing_unit":"","ocean_menu_link_color":"","ocean_menu_link_color_hover":"","ocean_menu_link_color_active":"","ocean_menu_link_background":"","ocean_menu_link_hover_background":"","ocean_menu_link_active_background":"","ocean_menu_social_links_bg":"","ocean_menu_social_hover_links_bg":"","ocean_menu_social_links_color":"","ocean_menu_social_hover_links_color":"","ocean_disable_title":"default","ocean_disable_heading":"default","ocean_post_title":"","ocean_post_subheading":"","ocean_post_title_style":"","ocean_post_title_background_color":"","ocean_post_title_background":0,"ocean_post_title_bg_image_position":"","ocean_post_title_bg_image_attachment":"","ocean_post_title_bg_image_repeat":"","ocean_post_title_bg_image_size":"","ocean_post_title_height":0,"ocean_post_title_bg_overlay":0.5,"ocean_post_title_bg_overlay_color":"","ocean_disable_breadcrumbs":"default","ocean_breadcrumbs_color":"","ocean_breadcrumbs_separator_color":"","ocean_breadcrumbs_links_color":"","ocean_breadcrumbs_links_hover_color":"","ocean_display_footer_widgets":"default","ocean_display_footer_bottom":"default","ocean_custom_footer_template":"0","footnotes":""},"class_list":["post-5270","page","type-page","status-publish","hentry","entry","owp-thumbs-layout-horizontal","owp-btn-normal","owp-tabs-layout-horizontal","has-no-thumbnails","has-product-nav"],"_links":{"self":[{"href":"https:\/\/selected-eyewear.com\/en\/wp-json\/wp\/v2\/pages\/5270","targetHints":{"allow":["GET"]}}],"collection":[{"href":"https:\/\/selected-eyewear.com\/en\/wp-json\/wp\/v2\/pages"}],"about":[{"href":"https:\/\/selected-eyewear.com\/en\/wp-json\/wp\/v2\/types\/page"}],"author":[{"embeddable":true,"href":"https:\/\/selected-eyewear.com\/en\/wp-json\/wp\/v2\/users\/1"}],"replies":[{"embeddable":true,"href":"https:\/\/selected-eyewear.com\/en\/wp-json\/wp\/v2\/comments?post=5270"}],"version-history":[{"count":58,"href":"https:\/\/selected-eyewear.com\/en\/wp-json\/wp\/v2\/pages\/5270\/revisions"}],"predecessor-version":[{"id":5362,"href":"https:\/\/selected-eyewear.com\/en\/wp-json\/wp\/v2\/pages\/5270\/revisions\/5362"}],"wp:attachment":[{"href":"https:\/\/selected-eyewear.com\/en\/wp-json\/wp\/v2\/media?parent=5270"}],"curies":[{"name":"wp","href":"https:\/\/api.w.org\/{rel}","templated":true}]}}